{"id":19146,"date":"2020-12-26T10:30:22","date_gmt":"2020-12-26T09:30:22","guid":{"rendered":"https:\/\/cateringdadomenico.com\/about-us\/"},"modified":"2026-02-17T16:43:34","modified_gmt":"2026-02-17T15:43:34","slug":"a-propos-de-nous","status":"publish","type":"page","link":"https:\/\/cateringdadomenico.com\/fr\/a-propos-de-nous\/","title":{"rendered":"\u00c0 propos de nous"},"content":{"rendered":"\t\t<div data-elementor-type=\"wp-page\" data-elementor-id=\"19146\" class=\"elementor elementor-19146 elementor-3713\">\n\t\t\t\t\t\t<section class=\"elementor-section elementor-top-section elementor-element elementor-element-ddb7faf elementor-section-content-middle scheme_dark elementor-section-boxed elementor-section-height-default elementor-section-height-default sc_fly_static\" data-id=\"ddb7faf\" data-element_type=\"section\" data-e-type=\"section\" data-settings=\"{&quot;background_background&quot;:&quot;classic&quot;}\">\n\t\t\t\t\t\t\t<div class=\"elementor-background-overlay\"><\/div>\n\t\t\t\t\t\t\t<div class=\"elementor-container elementor-column-gap-extended\">\n\t\t\t\t\t<div class=\"elementor-column elementor-col-100 elementor-top-column elementor-element elementor-element-7b50b9a sc_content_align_inherit sc_layouts_column_icons_position_left sc_fly_static\" data-id=\"7b50b9a\" data-element_type=\"column\" data-e-type=\"column\">\n\t\t\t<div class=\"elementor-widget-wrap elementor-element-populated\">\n\t\t\t\t\t\t<div class=\"elementor-element elementor-element-c7ce438 sc_fly_static elementor-widget elementor-widget-trx_sc_title\" data-id=\"c7ce438\" data-element_type=\"widget\" data-e-type=\"widget\" data-widget_type=\"trx_sc_title.default\">\n\t\t\t\t<div class=\"elementor-widget-container\">\n\t\t\t\t\t<div\t\tclass=\"sc_title sc_title_default\" ><h2 class=\"sc_item_title sc_title_title sc_align_center sc_item_title_style_default trx_addons_inline_1704918199\"\n\t\t\t><span class=\"sc_item_title_text\">Catering Da Domenico\n<\/span><\/h2><\/div>\t\t\t\t<\/div>\n\t\t\t\t<\/div>\n\t\t\t\t<div class=\"elementor-element elementor-element-229adfa sc_fly_static elementor-widget elementor-widget-trx_sc_title\" data-id=\"229adfa\" data-element_type=\"widget\" data-e-type=\"widget\" data-widget_type=\"trx_sc_title.default\">\n\t\t\t\t<div class=\"elementor-widget-container\">\n\t\t\t\t\t<div\t\tclass=\"sc_title sc_title_default\" ><h2 class=\"sc_item_title sc_title_title sc_align_center sc_item_title_style_default\"\n\t\t\t><span class=\"sc_item_title_text\">Depuis plus de 15 ans, Catering Da Domenico apporte une cuisine italienne authentique et une \u00e9l\u00e9gance europ\u00e9enne \u00e0 des \u00e9v\u00e9nements dans toute l'Europe.<\/span><\/h2><\/div>\t\t\t\t<\/div>\n\t\t\t\t<\/div>\n\t\t\t\t<div class=\"elementor-element elementor-element-07cd690 sc_fly_static elementor-widget elementor-widget-trx_sc_title\" data-id=\"07cd690\" data-element_type=\"widget\" data-e-type=\"widget\" data-widget_type=\"trx_sc_title.default\">\n\t\t\t\t<div class=\"elementor-widget-container\">\n\t\t\t\t\t<div\t\tclass=\"sc_title sc_title_default\" ><h4 class=\"sc_item_title sc_title_title sc_align_center sc_item_title_style_default sc_item_title_tag trx_addons_inline_1016065193\"\n\t\t\t><span class=\"sc_item_title_text\">Chaque \u00e9v\u00e9nement que nous organisons est une combinaison de perfection, de style et d'hospitalit\u00e9 authentique.<\/span><\/h4><\/div>\t\t\t\t<\/div>\n\t\t\t\t<\/div>\n\t\t\t\t\t<\/div>\n\t\t<\/div>\n\t\t\t\t\t<\/div>\n\t\t<\/section>\n\t\t\t\t<section class=\"elementor-section elementor-top-section elementor-element elementor-element-ce833dd elementor-section-content-middle elementor-reverse-tablet elementor-reverse-mobile elementor-section-boxed elementor-section-height-default elementor-section-height-default sc_fly_static\" data-id=\"ce833dd\" data-element_type=\"section\" data-e-type=\"section\" data-settings=\"{&quot;background_background&quot;:&quot;classic&quot;}\">\n\t\t\t\t\t\t<div class=\"elementor-container elementor-column-gap-extended\">\n\t\t\t\t\t<div class=\"elementor-column elementor-col-50 elementor-top-column elementor-element elementor-element-dd4c3e8 sc_content_align_inherit sc_layouts_column_icons_position_left sc_fly_static\" data-id=\"dd4c3e8\" data-element_type=\"column\" data-e-type=\"column\">\n\t\t\t<div class=\"elementor-widget-wrap elementor-element-populated\">\n\t\t\t\t\t\t<section class=\"elementor-section elementor-inner-section elementor-element elementor-element-d3582d8 elementor-section-content-bottom elementor-section-boxed elementor-section-height-default elementor-section-height-default sc_fly_static\" data-id=\"d3582d8\" data-element_type=\"section\" data-e-type=\"section\">\n\t\t\t\t\t\t<div class=\"elementor-container elementor-column-gap-no\">\n\t\t\t\t\t<div class=\"elementor-column elementor-col-100 elementor-inner-column elementor-element elementor-element-a36e2d5 sc_content_align_inherit sc_layouts_column_icons_position_left sc_fly_static\" data-id=\"a36e2d5\" data-element_type=\"column\" data-e-type=\"column\">\n\t\t\t<div class=\"elementor-widget-wrap elementor-element-populated\">\n\t\t\t\t\t\t<div class=\"elementor-element elementor-element-e212d92 elementor-widget__width-auto no-title sc_fly_static elementor-widget elementor-widget-image\" data-id=\"e212d92\" data-element_type=\"widget\" data-e-type=\"widget\" data-widget_type=\"image.default\">\n\t\t\t\t<div class=\"elementor-widget-container\">\n\t\t\t\t\t\t\t\t\t\t\t\t<figure class=\"wp-caption\">\n\t\t\t\t\t\t\t\t\t\t<img fetchpriority=\"high\" decoding=\"async\" width=\"667\" height=\"940\" src=\"https:\/\/cateringdadomenico.com\/wp-content\/uploads\/2025\/10\/21970-e1761320025825.jpg\" class=\"attachment-full size-full wp-image-19008\" alt=\"\" srcset=\"https:\/\/cateringdadomenico.com\/wp-content\/uploads\/2025\/10\/21970-e1761320025825.jpg 667w, https:\/\/cateringdadomenico.com\/wp-content\/uploads\/2025\/10\/21970-e1761320025825-213x300.jpg 213w, https:\/\/cateringdadomenico.com\/wp-content\/uploads\/2025\/10\/21970-e1761320025825-370x521.jpg 370w, https:\/\/cateringdadomenico.com\/wp-content\/uploads\/2025\/10\/21970-e1761320025825-410x578.jpg 410w\" sizes=\"(max-width: 667px) 100vw, 667px\" \/>\t\t\t\t\t\t\t\t\t\t\t<figcaption class=\"widget-image-caption wp-caption-text\"><\/figcaption>\n\t\t\t\t\t\t\t\t\t\t<\/figure>\n\t\t\t\t\t\t\t\t\t<\/div>\n\t\t\t\t<\/div>\n\t\t\t\t<div class=\"elementor-element elementor-element-f46f696 scheme_dark elementor-widget__width-initial elementor-absolute elementor-widget-tablet__width-initial elementor-widget-mobile__width-initial sc_fly_static elementor-widget elementor-widget-heading\" data-id=\"f46f696\" data-element_type=\"widget\" data-e-type=\"widget\" data-settings=\"{&quot;_position&quot;:&quot;absolute&quot;}\" data-widget_type=\"heading.default\">\n\t\t\t\t<div class=\"elementor-widget-container\">\n\t\t\t\t\t<h3 class=\"elementor-heading-title elementor-size-xl\">Votre \u00e9v\u00e9nement<br>Notre passion !<\/h3>\t\t\t\t<\/div>\n\t\t\t\t<\/div>\n\t\t\t\t\t<\/div>\n\t\t<\/div>\n\t\t\t\t\t<\/div>\n\t\t<\/section>\n\t\t\t\t\t<\/div>\n\t\t<\/div>\n\t\t\t\t<div class=\"elementor-column elementor-col-50 elementor-top-column elementor-element elementor-element-bc03195 sc_content_align_inherit sc_layouts_column_icons_position_left sc_fly_static\" data-id=\"bc03195\" data-element_type=\"column\" data-e-type=\"column\">\n\t\t\t<div class=\"elementor-widget-wrap elementor-element-populated\">\n\t\t\t\t\t\t<div class=\"elementor-element elementor-element-f556617 sc_fly_static elementor-widget elementor-widget-trx_sc_title\" data-id=\"f556617\" data-element_type=\"widget\" data-e-type=\"widget\" data-widget_type=\"trx_sc_title.default\">\n\t\t\t\t<div class=\"elementor-widget-container\">\n\t\t\t\t\t<div\t\tclass=\"sc_title sc_title_default\" ><span class=\"sc_item_subtitle sc_title_subtitle sc_align_center sc_item_subtitle_above sc_item_title_style_default sc_item_subtitle_with_custom_color trx_addons_inline_1688596295\">\u00c0 propos de nous<\/span><h3 class=\"sc_item_title sc_title_title sc_align_center sc_item_title_style_default sc_item_title_tag\"\n\t\t\t><span class=\"sc_item_title_text\">Votre partenaire europ\u00e9en pour le go\u00fbt, l'\u00e9l\u00e9gance et la perfection !<\/span><\/h3><\/div>\t\t\t\t<\/div>\n\t\t\t\t<\/div>\n\t\t\t\t<div class=\"elementor-element elementor-element-06d8ea9 sc_height_tiny sc_fly_static elementor-widget elementor-widget-spacer\" data-id=\"06d8ea9\" data-element_type=\"widget\" data-e-type=\"widget\" data-widget_type=\"spacer.default\">\n\t\t\t\t<div class=\"elementor-widget-container\">\n\t\t\t\t\t\t\t<div class=\"elementor-spacer\">\n\t\t\t<div class=\"elementor-spacer-inner\"><\/div>\n\t\t<\/div>\n\t\t\t\t\t\t<\/div>\n\t\t\t\t<\/div>\n\t\t\t\t<div class=\"elementor-element elementor-element-e55f607 sc_fly_static elementor-widget elementor-widget-text-editor\" data-id=\"e55f607\" data-element_type=\"widget\" data-e-type=\"widget\" data-widget_type=\"text-editor.default\">\n\t\t\t\t<div class=\"elementor-widget-container\">\n\t\t\t\t\t\t\t\t\t<p>Nous vous apportons le restaurant o\u00f9 vous voulez, quand vous voulez, pour n&rsquo;importe quelle occasion. Que ce soit pour un salon professionnel, un \u00e9v\u00e9nement d&rsquo;entreprise ou une grande f\u00eate, nous pouvons nous en occuper. O\u00f9 que vous souhaitiez cr\u00e9er une exp\u00e9rience sp\u00e9ciale, notre passion culinaire, notre joie de vivre \u00e0 l&rsquo;italienne et notre souci du d\u00e9tail nous accompagnent.<\/p><p>Pour nous, l&rsquo;hospitalit\u00e9 ne se limite pas \u00e0 une bonne cuisine.<br \/>Nous ne facturons pas de suppl\u00e9ment pour la vaisselle, les couverts, les verres ou les serviettes, car nous pensons qu&rsquo;un service authentique consiste \u00e0 prendre soin de tout pour nos clients, sans compromis ni frais suppl\u00e9mentaires.<\/p><p>Chaque menu est cr\u00e9\u00e9 sur mesure, en fonction de vos souhaits, de votre style et de vos invit\u00e9s. De la conception initiale \u00e0 la derni\u00e8re d\u00e9licatesse servie, nous nous occupons de chaque d\u00e9tail, qu&rsquo;il s&rsquo;agisse d&rsquo;une f\u00eate priv\u00e9e ou d&rsquo;un grand \u00e9v\u00e9nement.<\/p>\t\t\t\t\t\t\t\t<\/div>\n\t\t\t\t<\/div>\n\t\t\t\t\t<\/div>\n\t\t<\/div>\n\t\t\t\t\t<\/div>\n\t\t<\/section>\n\t\t\t\t<section class=\"elementor-section elementor-top-section elementor-element elementor-element-a552475 elementor-section-boxed elementor-section-height-default elementor-section-height-default sc_fly_static\" data-id=\"a552475\" data-element_type=\"section\" data-e-type=\"section\" data-settings=\"{&quot;background_background&quot;:&quot;classic&quot;}\">\n\t\t\t\t\t\t\t<div class=\"elementor-background-overlay\"><\/div>\n\t\t\t\t\t\t\t<div class=\"elementor-container elementor-column-gap-extended\">\n\t\t\t\t\t<div class=\"elementor-column elementor-col-100 elementor-top-column elementor-element elementor-element-cc5eee3 sc_layouts_column_align_center sc_layouts_column sc_content_align_inherit sc_layouts_column_icons_position_left sc_fly_static\" data-id=\"cc5eee3\" data-element_type=\"column\" data-e-type=\"column\">\n\t\t\t<div class=\"elementor-widget-wrap elementor-element-populated\">\n\t\t\t\t\t\t<div class=\"elementor-element elementor-element-d6bd380 sc_fly_static elementor-widget elementor-widget-spacer\" data-id=\"d6bd380\" data-element_type=\"widget\" data-e-type=\"widget\" data-widget_type=\"spacer.default\">\n\t\t\t\t<div class=\"elementor-widget-container\">\n\t\t\t\t\t\t\t<div class=\"elementor-spacer\">\n\t\t\t<div class=\"elementor-spacer-inner\"><\/div>\n\t\t<\/div>\n\t\t\t\t\t\t<\/div>\n\t\t\t\t<\/div>\n\t\t\t\t<div class=\"elementor-element elementor-element-783d2dd sc_fly_static elementor-widget elementor-widget-trx_sc_icons\" data-id=\"783d2dd\" data-element_type=\"widget\" data-e-type=\"widget\" data-widget_type=\"trx_sc_icons.default\">\n\t\t\t\t<div class=\"elementor-widget-container\">\n\t\t\t\t\t<div \tclass=\"sc_icons sc_icons_common sc_icons_size_medium sc_align_center\" ><div class=\"sc_icons_columns_wrap sc_item_columns trx_addons_columns_wrap columns_padding_bottom columns_in_single_row\" ><div class=\"trx_addons_column-1_3\"><div class=\"sc_icons_item\"><div class=\"sc_icons_icon sc_icon_type_ icon-cloche\" style=\"color: var(--e-global-color-0a504e4)\" ><span class=\"sc_icon_type_ icon-cloche\" style=\"color: var(--e-global-color-0a504e4)\"><\/span><\/div><div class=\"sc_icons_item_details\"><h4 class=\"sc_icons_item_title\" style=\"color:var(--e-global-color-69bf31ed);\"><span>Pr\u00e9paration<\/span><\/h4><\/div><\/div><\/div><div class=\"trx_addons_column-1_3\"><div class=\"sc_icons_item\"><div class=\"sc_icons_icon sc_icon_type_ icon-catering\" style=\"color: var(--e-global-color-0a504e4)\" ><span class=\"sc_icon_type_ icon-catering\" style=\"color: var(--e-global-color-0a504e4)\"><\/span><\/div><div class=\"sc_icons_item_details\"><h4 class=\"sc_icons_item_title\" style=\"color:var(--e-global-color-69bf31ed);\"><span>livraison<\/span><\/h4><\/div><\/div><\/div><div class=\"trx_addons_column-1_3\"><div class=\"sc_icons_item\"><div class=\"sc_icons_icon sc_icon_type_ icon-medal\" style=\"color: var(--e-global-color-0a504e4)\" ><span class=\"sc_icon_type_ icon-medal\" style=\"color: var(--e-global-color-0a504e4)\"><\/span><\/div><div class=\"sc_icons_item_details\"><h4 class=\"sc_icons_item_title\" style=\"color:var(--e-global-color-69bf31ed);\"><span>pr\u00e9sentation<\/span><\/h4><\/div><\/div><\/div><\/div><\/div><!-- \/.sc_icons -->\t\t\t\t<\/div>\n\t\t\t\t<\/div>\n\t\t\t\t<div class=\"elementor-element elementor-element-7ea4661 sc_fly_static elementor-widget elementor-widget-spacer\" data-id=\"7ea4661\" data-element_type=\"widget\" data-e-type=\"widget\" data-widget_type=\"spacer.default\">\n\t\t\t\t<div class=\"elementor-widget-container\">\n\t\t\t\t\t\t\t<div class=\"elementor-spacer\">\n\t\t\t<div class=\"elementor-spacer-inner\"><\/div>\n\t\t<\/div>\n\t\t\t\t\t\t<\/div>\n\t\t\t\t<\/div>\n\t\t\t\t\t<\/div>\n\t\t<\/div>\n\t\t\t\t\t<\/div>\n\t\t<\/section>\n\t\t\t\t<\/div>\n\t\t","protected":false},"excerpt":{"rendered":"<p>Catering Da Domenico Depuis plus de 15 ans, Catering Da Domenico apporte une cuisine italienne authentique et une \u00e9l\u00e9gance europ\u00e9enne \u00e0 des \u00e9v\u00e9nements dans toute l&rsquo;Europe. Chaque \u00e9v\u00e9nement que nous&hellip;<\/p>\n","protected":false},"author":1,"featured_media":0,"parent":0,"menu_order":0,"comment_status":"closed","ping_status":"closed","template":"","meta":{"footnotes":""},"class_list":["post-19146","page","type-page","status-publish","hentry"],"yoast_head":"<!-- This site is optimized with the Yoast SEO plugin v27.3 - https:\/\/yoast.com\/product\/yoast-seo-wordpress\/ -->\n<title>\u00c0 propos de nous - Catering da Domenico<\/title>\n<meta name=\"description\" content=\"Catering Da Domenico apporte une cuisine italienne authentique et une \u00e9l\u00e9gance europ\u00e9enne \u00e0 des \u00e9v\u00e9nements dans toute l&#039;Europe.\" \/>\n<meta name=\"robots\" content=\"index, follow, max-snippet:-1, max-image-preview:large, max-video-preview:-1\" \/>\n<link rel=\"canonical\" href=\"https:\/\/cateringdadomenico.com\/fr\/a-propos-de-nous\/\" \/>\n<meta property=\"og:locale\" content=\"fr_FR\" \/>\n<meta property=\"og:type\" content=\"article\" \/>\n<meta property=\"og:title\" content=\"\u00c0 propos de nous - Catering da Domenico\" \/>\n<meta property=\"og:description\" content=\"Catering Da Domenico apporte une cuisine italienne authentique et une \u00e9l\u00e9gance europ\u00e9enne \u00e0 des \u00e9v\u00e9nements dans toute l&#039;Europe.\" \/>\n<meta property=\"og:url\" content=\"https:\/\/cateringdadomenico.com\/fr\/a-propos-de-nous\/\" \/>\n<meta property=\"og:site_name\" content=\"Catering da Domenico\" \/>\n<meta property=\"article:modified_time\" content=\"2026-02-17T15:43:34+00:00\" \/>\n<meta property=\"og:image\" content=\"https:\/\/cateringdadomenico.com\/wp-content\/uploads\/2025\/10\/21970-e1761320025825.jpg\" \/>\n<meta name=\"twitter:card\" content=\"summary_large_image\" \/>\n<meta name=\"twitter:label1\" content=\"Dur\u00e9e de lecture estim\u00e9e\" \/>\n\t<meta name=\"twitter:data1\" content=\"2 minutes\" \/>\n<script type=\"application\/ld+json\" class=\"yoast-schema-graph\">{\"@context\":\"https:\\\/\\\/schema.org\",\"@graph\":[{\"@type\":\"WebPage\",\"@id\":\"https:\\\/\\\/cateringdadomenico.com\\\/fr\\\/a-propos-de-nous\\\/\",\"url\":\"https:\\\/\\\/cateringdadomenico.com\\\/fr\\\/a-propos-de-nous\\\/\",\"name\":\"\u00c0 propos de nous - Catering da Domenico\",\"isPartOf\":{\"@id\":\"https:\\\/\\\/cateringdadomenico.com\\\/#website\"},\"primaryImageOfPage\":{\"@id\":\"https:\\\/\\\/cateringdadomenico.com\\\/fr\\\/a-propos-de-nous\\\/#primaryimage\"},\"image\":{\"@id\":\"https:\\\/\\\/cateringdadomenico.com\\\/fr\\\/a-propos-de-nous\\\/#primaryimage\"},\"thumbnailUrl\":\"https:\\\/\\\/cateringdadomenico.com\\\/wp-content\\\/uploads\\\/2025\\\/10\\\/21970-e1761320025825.jpg\",\"datePublished\":\"2020-12-26T09:30:22+00:00\",\"dateModified\":\"2026-02-17T15:43:34+00:00\",\"description\":\"Catering Da Domenico apporte une cuisine italienne authentique et une \u00e9l\u00e9gance europ\u00e9enne \u00e0 des \u00e9v\u00e9nements dans toute l'Europe.\",\"breadcrumb\":{\"@id\":\"https:\\\/\\\/cateringdadomenico.com\\\/fr\\\/a-propos-de-nous\\\/#breadcrumb\"},\"inLanguage\":\"fr-FR\",\"potentialAction\":[{\"@type\":\"ReadAction\",\"target\":[\"https:\\\/\\\/cateringdadomenico.com\\\/fr\\\/a-propos-de-nous\\\/\"]}]},{\"@type\":\"ImageObject\",\"inLanguage\":\"fr-FR\",\"@id\":\"https:\\\/\\\/cateringdadomenico.com\\\/fr\\\/a-propos-de-nous\\\/#primaryimage\",\"url\":\"https:\\\/\\\/cateringdadomenico.com\\\/wp-content\\\/uploads\\\/2025\\\/10\\\/21970-e1761320025825.jpg\",\"contentUrl\":\"https:\\\/\\\/cateringdadomenico.com\\\/wp-content\\\/uploads\\\/2025\\\/10\\\/21970-e1761320025825.jpg\"},{\"@type\":\"BreadcrumbList\",\"@id\":\"https:\\\/\\\/cateringdadomenico.com\\\/fr\\\/a-propos-de-nous\\\/#breadcrumb\",\"itemListElement\":[{\"@type\":\"ListItem\",\"position\":1,\"name\":\"Home\",\"item\":\"https:\\\/\\\/cateringdadomenico.com\\\/fr\\\/\"},{\"@type\":\"ListItem\",\"position\":2,\"name\":\"\u00c0 propos de nous\"}]},{\"@type\":\"WebSite\",\"@id\":\"https:\\\/\\\/cateringdadomenico.com\\\/#website\",\"url\":\"https:\\\/\\\/cateringdadomenico.com\\\/\",\"name\":\"Catering da Domenico\",\"description\":\"Firmenevent, Business Event, PartyService und MesseCatering in ganz Europa\",\"publisher\":{\"@id\":\"https:\\\/\\\/cateringdadomenico.com\\\/#organization\"},\"potentialAction\":[{\"@type\":\"SearchAction\",\"target\":{\"@type\":\"EntryPoint\",\"urlTemplate\":\"https:\\\/\\\/cateringdadomenico.com\\\/?s={search_term_string}\"},\"query-input\":{\"@type\":\"PropertyValueSpecification\",\"valueRequired\":true,\"valueName\":\"search_term_string\"}}],\"inLanguage\":\"fr-FR\"},{\"@type\":\"Organization\",\"@id\":\"https:\\\/\\\/cateringdadomenico.com\\\/#organization\",\"name\":\"Catering da Domenico\",\"url\":\"https:\\\/\\\/cateringdadomenico.com\\\/\",\"logo\":{\"@type\":\"ImageObject\",\"inLanguage\":\"fr-FR\",\"@id\":\"https:\\\/\\\/cateringdadomenico.com\\\/#\\\/schema\\\/logo\\\/image\\\/\",\"url\":\"https:\\\/\\\/cateringdadomenico.com\\\/wp-content\\\/uploads\\\/2025\\\/10\\\/logo-web.png\",\"contentUrl\":\"https:\\\/\\\/cateringdadomenico.com\\\/wp-content\\\/uploads\\\/2025\\\/10\\\/logo-web.png\",\"width\":500,\"height\":391,\"caption\":\"Catering da Domenico\"},\"image\":{\"@id\":\"https:\\\/\\\/cateringdadomenico.com\\\/#\\\/schema\\\/logo\\\/image\\\/\"}}]}<\/script>\n<!-- \/ Yoast SEO plugin. -->","yoast_head_json":{"title":"\u00c0 propos de nous - Catering da Domenico","description":"Catering Da Domenico apporte une cuisine italienne authentique et une \u00e9l\u00e9gance europ\u00e9enne \u00e0 des \u00e9v\u00e9nements dans toute l'Europe.","robots":{"index":"index","follow":"follow","max-snippet":"max-snippet:-1","max-image-preview":"max-image-preview:large","max-video-preview":"max-video-preview:-1"},"canonical":"https:\/\/cateringdadomenico.com\/fr\/a-propos-de-nous\/","og_locale":"fr_FR","og_type":"article","og_title":"\u00c0 propos de nous - Catering da Domenico","og_description":"Catering Da Domenico apporte une cuisine italienne authentique et une \u00e9l\u00e9gance europ\u00e9enne \u00e0 des \u00e9v\u00e9nements dans toute l'Europe.","og_url":"https:\/\/cateringdadomenico.com\/fr\/a-propos-de-nous\/","og_site_name":"Catering da Domenico","article_modified_time":"2026-02-17T15:43:34+00:00","og_image":[{"url":"https:\/\/cateringdadomenico.com\/wp-content\/uploads\/2025\/10\/21970-e1761320025825.jpg","type":"","width":"","height":""}],"twitter_card":"summary_large_image","twitter_misc":{"Dur\u00e9e de lecture estim\u00e9e":"2 minutes"},"schema":{"@context":"https:\/\/schema.org","@graph":[{"@type":"WebPage","@id":"https:\/\/cateringdadomenico.com\/fr\/a-propos-de-nous\/","url":"https:\/\/cateringdadomenico.com\/fr\/a-propos-de-nous\/","name":"\u00c0 propos de nous - Catering da Domenico","isPartOf":{"@id":"https:\/\/cateringdadomenico.com\/#website"},"primaryImageOfPage":{"@id":"https:\/\/cateringdadomenico.com\/fr\/a-propos-de-nous\/#primaryimage"},"image":{"@id":"https:\/\/cateringdadomenico.com\/fr\/a-propos-de-nous\/#primaryimage"},"thumbnailUrl":"https:\/\/cateringdadomenico.com\/wp-content\/uploads\/2025\/10\/21970-e1761320025825.jpg","datePublished":"2020-12-26T09:30:22+00:00","dateModified":"2026-02-17T15:43:34+00:00","description":"Catering Da Domenico apporte une cuisine italienne authentique et une \u00e9l\u00e9gance europ\u00e9enne \u00e0 des \u00e9v\u00e9nements dans toute l'Europe.","breadcrumb":{"@id":"https:\/\/cateringdadomenico.com\/fr\/a-propos-de-nous\/#breadcrumb"},"inLanguage":"fr-FR","potentialAction":[{"@type":"ReadAction","target":["https:\/\/cateringdadomenico.com\/fr\/a-propos-de-nous\/"]}]},{"@type":"ImageObject","inLanguage":"fr-FR","@id":"https:\/\/cateringdadomenico.com\/fr\/a-propos-de-nous\/#primaryimage","url":"https:\/\/cateringdadomenico.com\/wp-content\/uploads\/2025\/10\/21970-e1761320025825.jpg","contentUrl":"https:\/\/cateringdadomenico.com\/wp-content\/uploads\/2025\/10\/21970-e1761320025825.jpg"},{"@type":"BreadcrumbList","@id":"https:\/\/cateringdadomenico.com\/fr\/a-propos-de-nous\/#breadcrumb","itemListElement":[{"@type":"ListItem","position":1,"name":"Home","item":"https:\/\/cateringdadomenico.com\/fr\/"},{"@type":"ListItem","position":2,"name":"\u00c0 propos de nous"}]},{"@type":"WebSite","@id":"https:\/\/cateringdadomenico.com\/#website","url":"https:\/\/cateringdadomenico.com\/","name":"Catering da Domenico","description":"Firmenevent, Business Event, PartyService und MesseCatering in ganz Europa","publisher":{"@id":"https:\/\/cateringdadomenico.com\/#organization"},"potentialAction":[{"@type":"SearchAction","target":{"@type":"EntryPoint","urlTemplate":"https:\/\/cateringdadomenico.com\/?s={search_term_string}"},"query-input":{"@type":"PropertyValueSpecification","valueRequired":true,"valueName":"search_term_string"}}],"inLanguage":"fr-FR"},{"@type":"Organization","@id":"https:\/\/cateringdadomenico.com\/#organization","name":"Catering da Domenico","url":"https:\/\/cateringdadomenico.com\/","logo":{"@type":"ImageObject","inLanguage":"fr-FR","@id":"https:\/\/cateringdadomenico.com\/#\/schema\/logo\/image\/","url":"https:\/\/cateringdadomenico.com\/wp-content\/uploads\/2025\/10\/logo-web.png","contentUrl":"https:\/\/cateringdadomenico.com\/wp-content\/uploads\/2025\/10\/logo-web.png","width":500,"height":391,"caption":"Catering da Domenico"},"image":{"@id":"https:\/\/cateringdadomenico.com\/#\/schema\/logo\/image\/"}}]}},"_links":{"self":[{"href":"https:\/\/cateringdadomenico.com\/fr\/wp-json\/wp\/v2\/pages\/19146","targetHints":{"allow":["GET"]}}],"collection":[{"href":"https:\/\/cateringdadomenico.com\/fr\/wp-json\/wp\/v2\/pages"}],"about":[{"href":"https:\/\/cateringdadomenico.com\/fr\/wp-json\/wp\/v2\/types\/page"}],"author":[{"embeddable":true,"href":"https:\/\/cateringdadomenico.com\/fr\/wp-json\/wp\/v2\/users\/1"}],"replies":[{"embeddable":true,"href":"https:\/\/cateringdadomenico.com\/fr\/wp-json\/wp\/v2\/comments?post=19146"}],"version-history":[{"count":11,"href":"https:\/\/cateringdadomenico.com\/fr\/wp-json\/wp\/v2\/pages\/19146\/revisions"}],"predecessor-version":[{"id":19653,"href":"https:\/\/cateringdadomenico.com\/fr\/wp-json\/wp\/v2\/pages\/19146\/revisions\/19653"}],"wp:attachment":[{"href":"https:\/\/cateringdadomenico.com\/fr\/wp-json\/wp\/v2\/media?parent=19146"}],"curies":[{"name":"wp","href":"https:\/\/api.w.org\/{rel}","templated":true}]}}