{"id":19123,"date":"2020-12-30T11:12:41","date_gmt":"2020-12-30T10:12:41","guid":{"rendered":"https:\/\/cateringdadomenico.com\/kontakt\/"},"modified":"2026-02-14T12:41:24","modified_gmt":"2026-02-14T11:41:24","slug":"contact","status":"publish","type":"page","link":"https:\/\/cateringdadomenico.com\/fr\/contact\/","title":{"rendered":"Contactez-nous"},"content":{"rendered":"\t\t<div data-elementor-type=\"wp-page\" data-elementor-id=\"19123\" class=\"elementor elementor-19123 elementor-1453\">\n\t\t\t\t\t\t<section class=\"elementor-section elementor-top-section elementor-element elementor-element-bed14c1 elementor-section-boxed elementor-section-height-default elementor-section-height-default sc_fly_static\" data-id=\"bed14c1\" data-element_type=\"section\" data-e-type=\"section\" data-settings=\"{&quot;background_background&quot;:&quot;classic&quot;}\">\n\t\t\t\t\t\t<div class=\"elementor-container elementor-column-gap-extended\">\n\t\t\t\t\t<div class=\"elementor-column elementor-col-100 elementor-top-column elementor-element elementor-element-c54998b sc_content_align_inherit sc_layouts_column_icons_position_left sc_fly_static\" data-id=\"c54998b\" data-element_type=\"column\" data-e-type=\"column\">\n\t\t\t<div class=\"elementor-widget-wrap elementor-element-populated\">\n\t\t\t\t\t\t<div class=\"elementor-element elementor-element-c4f1657 sc_height_huge sc_fly_static elementor-widget elementor-widget-spacer\" data-id=\"c4f1657\" data-element_type=\"widget\" data-e-type=\"widget\" data-widget_type=\"spacer.default\">\n\t\t\t\t<div class=\"elementor-widget-container\">\n\t\t\t\t\t\t\t<div class=\"elementor-spacer\">\n\t\t\t<div class=\"elementor-spacer-inner\"><\/div>\n\t\t<\/div>\n\t\t\t\t\t\t<\/div>\n\t\t\t\t<\/div>\n\t\t\t\t<div class=\"elementor-element elementor-element-ab479b5 scheme_default sc_fly_static elementor-widget elementor-widget-trx_sc_icons\" data-id=\"ab479b5\" data-element_type=\"widget\" data-e-type=\"widget\" data-widget_type=\"trx_sc_icons.default\">\n\t\t\t\t<div class=\"elementor-widget-container\">\n\t\t\t\t\t<div \tclass=\"sc_icons scheme_default sc_icons_rounded sc_icons_size_medium sc_align_center\" ><div class=\"sc_icons_columns_wrap sc_item_columns trx_addons_columns_wrap columns_padding_bottom columns_in_single_row\" ><div class=\"trx_addons_column-1_4\"><div class=\"sc_icons_item sc_icons_item_linked\"><div class=\"sc_icons_icon sc_icon_type_ icon-mobile-light\" style=\"color: var(--e-global-color-69bf31ed)\" ><span class=\"sc_icon_type_ icon-mobile-light\" style=\"color: var(--e-global-color-69bf31ed)\"><\/span><\/div><div class=\"sc_icons_item_details\"><h4 class=\"sc_icons_item_title\"><a href=\"tel:+4915738830313\">\r\n                                    T\u00e9l\u00e9phone                                    <\/a><\/h4><div class=\"sc_icons_item_description\"><span><a href=\"+4915738830313\">+49 1573 8830313<\/a><\/span><span><a href=\"+393391406311\">+39 339 1406 311<\/a><\/span><\/div><a href=\"tel:+4915738830313\"\r\n                        class=\"sc_icons_item_link\">\r\n                        <\/a><\/div><\/div><\/div><div class=\"trx_addons_column-1_4\"><div class=\"sc_icons_item sc_icons_item_linked\"><div class=\"sc_icons_icon sc_icon_type_ icon-email-1\" style=\"color: var(--e-global-color-69bf31ed)\" ><span class=\"sc_icon_type_ icon-email-1\" style=\"color: var(--e-global-color-69bf31ed)\"><\/span><\/div><div class=\"sc_icons_item_details\"><h4 class=\"sc_icons_item_title\"><a href=\"mailto:info@cateringdadomenico.com\">\r\n                                    courriel                                    <\/a><\/h4><div class=\"sc_icons_item_description\"><span><a href=\"mailto:info@cateringdadomenico.com\"> info@cateringdadomenico.com<\/a><\/span><\/div><a href=\"mailto:info@cateringdadomenico.com\"\r\n                        class=\"sc_icons_item_link\">\r\n                        <\/a><\/div><\/div><\/div><div class=\"trx_addons_column-1_4\"><div class=\"sc_icons_item sc_icons_item_linked\"><div class=\"sc_icons_icon sc_icon_type_ icon-location-light\" style=\"color: var(--e-global-color-69bf31ed)\" ><span class=\"sc_icon_type_ icon-location-light\" style=\"color: var(--e-global-color-69bf31ed)\"><\/span><\/div><div class=\"sc_icons_item_details\"><h4 class=\"sc_icons_item_title\"><a href=\"https:\/\/maps.app.goo.gl\/rbwahrHEFE71cdYV6\">\r\n                                    Allemagne                                    <\/a><\/h4><div class=\"sc_icons_item_description\"><span><a href=\"https:\/\/maps.app.goo.gl\/rbwahrHEFE71cdYV6\">Franz-Rennefeld-Weg 13, 40472 D\u00fcsseldorf<\/a><\/span><\/div><a href=\"https:\/\/maps.app.goo.gl\/rbwahrHEFE71cdYV6\"\r\n                        class=\"sc_icons_item_link\">\r\n                        <\/a><\/div><\/div><\/div><div class=\"trx_addons_column-1_4\"><div class=\"sc_icons_item sc_icons_item_linked\"><div class=\"sc_icons_icon sc_icon_type_ icon-location-light\" style=\"color: var(--e-global-color-69bf31ed)\" ><span class=\"sc_icon_type_ icon-location-light\" style=\"color: var(--e-global-color-69bf31ed)\"><\/span><\/div><div class=\"sc_icons_item_details\"><h4 class=\"sc_icons_item_title\"><a href=\"https:\/\/maps.app.goo.gl\/BHoE1F8x5b7tujKr6\">\r\n                                    Italie                                    <\/a><\/h4><div class=\"sc_icons_item_description\"><span><a href=\"https:\/\/maps.app.goo.gl\/BHoE1F8x5b7tujKr6\">Contrada San Fili 6, 89020<br>Melicucco (RC) Italia<\/a><\/span><\/div><a href=\"https:\/\/maps.app.goo.gl\/BHoE1F8x5b7tujKr6\"\r\n                        class=\"sc_icons_item_link\">\r\n                        <\/a><\/div><\/div><\/div><\/div><\/div><!-- \/.sc_icons -->\t\t\t\t<\/div>\n\t\t\t\t<\/div>\n\t\t\t\t<div class=\"elementor-element elementor-element-4f8ea64 sc_height_large sc_fly_static elementor-widget elementor-widget-spacer\" data-id=\"4f8ea64\" data-element_type=\"widget\" data-e-type=\"widget\" data-widget_type=\"spacer.default\">\n\t\t\t\t<div class=\"elementor-widget-container\">\n\t\t\t\t\t\t\t<div class=\"elementor-spacer\">\n\t\t\t<div class=\"elementor-spacer-inner\"><\/div>\n\t\t<\/div>\n\t\t\t\t\t\t<\/div>\n\t\t\t\t<\/div>\n\t\t\t\t\t<\/div>\n\t\t<\/div>\n\t\t\t\t\t<\/div>\n\t\t<\/section>\n\t\t\t\t<section class=\"elementor-section elementor-top-section elementor-element elementor-element-8359bc0 elementor-section-boxed elementor-section-height-default elementor-section-height-default sc_fly_static\" data-id=\"8359bc0\" data-element_type=\"section\" data-e-type=\"section\" data-settings=\"{&quot;background_background&quot;:&quot;classic&quot;}\">\n\t\t\t\t\t\t<div class=\"elementor-container elementor-column-gap-extended\">\n\t\t\t\t\t<div class=\"elementor-column elementor-col-100 elementor-top-column elementor-element elementor-element-d0380e9 sc_content_align_inherit sc_layouts_column_icons_position_left sc_fly_static\" data-id=\"d0380e9\" data-element_type=\"column\" data-e-type=\"column\">\n\t\t\t<div class=\"elementor-widget-wrap elementor-element-populated\">\n\t\t\t\t\t\t<div class=\"elementor-element elementor-element-b128815 sc_fly_static elementor-widget elementor-widget-trx_sc_title\" data-id=\"b128815\" data-element_type=\"widget\" data-e-type=\"widget\" data-widget_type=\"trx_sc_title.default\">\n\t\t\t\t<div class=\"elementor-widget-container\">\n\t\t\t\t\t<div\t\tclass=\"sc_title sc_title_default\" ><span class=\"sc_item_subtitle sc_title_subtitle sc_align_center sc_item_subtitle_above sc_item_title_style_default\">Contactez-nous<\/span><h2 class=\"sc_item_title sc_title_title sc_align_center sc_item_title_style_default\"\n\t\t\t><span class=\"sc_item_title_text\">Envoyez-nous un message<\/span><\/h2><\/div>\t\t\t\t<\/div>\n\t\t\t\t<\/div>\n\t\t\t\t\t<\/div>\n\t\t<\/div>\n\t\t\t\t\t<\/div>\n\t\t<\/section>\n\t\t\t\t<section class=\"elementor-section elementor-top-section elementor-element elementor-element-202737f elementor-section-boxed elementor-section-height-default elementor-section-height-default sc_fly_static\" data-id=\"202737f\" data-element_type=\"section\" data-e-type=\"section\" data-settings=\"{&quot;background_background&quot;:&quot;classic&quot;}\">\n\t\t\t\t\t\t<div class=\"elementor-container elementor-column-gap-extended\">\n\t\t\t\t\t<div class=\"elementor-column elementor-col-33 elementor-top-column elementor-element elementor-element-5ea9acb sc_content_align_inherit sc_layouts_column_icons_position_left sc_fly_static\" data-id=\"5ea9acb\" data-element_type=\"column\" data-e-type=\"column\">\n\t\t\t<div class=\"elementor-widget-wrap elementor-element-populated\">\n\t\t\t\t\t\t<div class=\"elementor-element elementor-element-9a9945c sc_layouts_hide_on_mobile sc_fly_static elementor-widget elementor-widget-spacer\" data-id=\"9a9945c\" data-element_type=\"widget\" data-e-type=\"widget\" data-widget_type=\"spacer.default\">\n\t\t\t\t<div class=\"elementor-widget-container\">\n\t\t\t\t\t\t\t<div class=\"elementor-spacer\">\n\t\t\t<div class=\"elementor-spacer-inner\"><\/div>\n\t\t<\/div>\n\t\t\t\t\t\t<\/div>\n\t\t\t\t<\/div>\n\t\t\t\t\t<\/div>\n\t\t<\/div>\n\t\t\t\t<div class=\"elementor-column elementor-col-33 elementor-top-column elementor-element elementor-element-9aff081 sc_content_align_inherit sc_layouts_column_icons_position_left sc_fly_static\" data-id=\"9aff081\" data-element_type=\"column\" data-e-type=\"column\">\n\t\t\t<div class=\"elementor-widget-wrap elementor-element-populated\">\n\t\t\t\t\t\t<div class=\"elementor-element elementor-element-7317bac scheme_default sc_fly_static elementor-widget elementor-widget-trx_sc_contact_form_7\" data-id=\"7317bac\" data-element_type=\"widget\" data-e-type=\"widget\" data-widget_type=\"trx_sc_contact_form_7.default\">\n\t\t\t\t<div class=\"elementor-widget-container\">\n\t\t\t\t\t\n<div class=\"wpcf7 no-js\" id=\"wpcf7-f19360-o1\" lang=\"en-US\" dir=\"ltr\" data-wpcf7-id=\"19360\">\n<div class=\"screen-reader-response\"><p role=\"status\" aria-live=\"polite\" aria-atomic=\"true\"><\/p> <ul><\/ul><\/div>\n<form action=\"\/fr\/wp-json\/wp\/v2\/pages\/19123#wpcf7-f19360-o1\" method=\"post\" class=\"wpcf7-form init\" aria-label=\"Contact form\" novalidate=\"novalidate\" data-status=\"init\">\n<fieldset class=\"hidden-fields-container\"><input type=\"hidden\" name=\"_wpcf7\" value=\"19360\" \/><input type=\"hidden\" name=\"_wpcf7_version\" value=\"6.1.5\" \/><input type=\"hidden\" name=\"_wpcf7_locale\" value=\"en_US\" \/><input type=\"hidden\" name=\"_wpcf7_unit_tag\" value=\"wpcf7-f19360-o1\" \/><input type=\"hidden\" name=\"_wpcf7_container_post\" value=\"0\" \/><input type=\"hidden\" name=\"_wpcf7_posted_data_hash\" value=\"\" \/>\n<\/fieldset>\n<div class=\"form-style-3\">\n\t<div class=\"columns_wrap\">\n\t\t<div class=\"column-1_2\">\n\t\t\t<p><span class=\"style-line icon-name\"><span class=\"wpcf7-form-control-wrap\" data-name=\"your-name\"><input size=\"40\" maxlength=\"400\" class=\"wpcf7-form-control wpcf7-text wpcf7-validates-as-required\" aria-required=\"true\" aria-invalid=\"false\" placeholder=\"Nom*\" value=\"\" type=\"text\" name=\"your-name\" \/><\/span><\/span>\n\t\t\t<\/p>\n\t\t<\/div>\n\t\t<div class=\"column-1_2\">\n\t\t\t<p><span class=\"style-line icon-email\"><span class=\"wpcf7-form-control-wrap\" data-name=\"your-email\"><input size=\"40\" maxlength=\"400\" class=\"wpcf7-form-control wpcf7-email wpcf7-validates-as-required wpcf7-text wpcf7-validates-as-email\" aria-required=\"true\" aria-invalid=\"false\" placeholder=\"E-mail*\" value=\"\" type=\"email\" name=\"your-email\" \/><\/span><\/span>\n\t\t\t<\/p>\n\t\t<\/div>\n\t<\/div>\n\t<div class=\"columns_wrap\">\n\t\t<div class=\"column-1_2\">\n\t\t\t<p><span class=\"style-line icon-phone\"><span class=\"wpcf7-form-control-wrap\" data-name=\"your-phone\"><input size=\"40\" maxlength=\"400\" class=\"wpcf7-form-control wpcf7-text wpcf7-validates-as-required\" aria-required=\"true\" aria-invalid=\"false\" placeholder=\"T\u00e9l\u00e9phone*\" value=\"\" type=\"text\" name=\"your-phone\" \/><\/span><\/span>\n\t\t\t<\/p>\n\t\t<\/div>\n\t\t<div class=\"column-1_2\">\n\t\t\t<p><span class=\"style-line icon-subject\"><span class=\"wpcf7-form-control-wrap\" data-name=\"your-subject\"><select class=\"wpcf7-form-control wpcf7-select wpcf7-validates-as-required\" aria-required=\"true\" aria-invalid=\"false\" name=\"your-subject\"><option value=\"S\u00e9lectionner les services\">S\u00e9lectionner les services<\/option><option value=\"\u00c9v\u00e9nement d\u2019Entreprise\">\u00c9v\u00e9nement d\u2019Entreprise<\/option><option value=\"Business \u00c9v\u00e9nement\">Business \u00c9v\u00e9nement<\/option><option value=\"Service Traiteur \u2013 jusqu\u2019\u00e0 5 000 Personnes\">Service Traiteur \u2013 jusqu\u2019\u00e0 5 000 Personnes<\/option><option value=\"Restauration pour Salons Professionnels dans toute l\u2019Europe\">Restauration pour Salons Professionnels dans toute l\u2019Europe<\/option><\/select><\/span><\/span>\n\t\t\t<\/p>\n\t\t<\/div>\n\t<\/div>\n\t<div class=\"columns_wrap margin-bottom\">\n\t\t<div class=\"column-1_1\">\n\t\t\t<p><span class=\"style-line icon-textarea\"><span class=\"wpcf7-form-control-wrap\" data-name=\"your-message\"><textarea cols=\"40\" rows=\"10\" maxlength=\"2000\" class=\"wpcf7-form-control wpcf7-textarea wpcf7-validates-as-required\" aria-required=\"true\" aria-invalid=\"false\" placeholder=\"Votre message\" name=\"your-message\"><\/textarea><\/span><\/span>\n\t\t\t<\/p>\n\t\t<\/div>\n\t<\/div>\n\t<div class=\"column-1_1\">\n\t\t<p><span style=\"text-align: center;\"><input class=\"wpcf7-form-control wpcf7-submit has-spinner\" type=\"submit\" value=\"Envoyer un Message\" \/><\/span>\n\t\t<\/p>\n\t<\/div>\n<\/div><div class=\"wpcf7-response-output\" aria-hidden=\"true\"><\/div>\n<\/form>\n<\/div>\n\t\t\t\t<\/div>\n\t\t\t\t<\/div>\n\t\t\t\t<div class=\"elementor-element elementor-element-1bd1383 sc_height_large sc_fly_static elementor-widget elementor-widget-spacer\" data-id=\"1bd1383\" data-element_type=\"widget\" data-e-type=\"widget\" data-widget_type=\"spacer.default\">\n\t\t\t\t<div class=\"elementor-widget-container\">\n\t\t\t\t\t\t\t<div class=\"elementor-spacer\">\n\t\t\t<div class=\"elementor-spacer-inner\"><\/div>\n\t\t<\/div>\n\t\t\t\t\t\t<\/div>\n\t\t\t\t<\/div>\n\t\t\t\t\t<\/div>\n\t\t<\/div>\n\t\t\t\t<div class=\"elementor-column elementor-col-33 elementor-top-column elementor-element elementor-element-0c40606 sc_content_align_inherit sc_layouts_column_icons_position_left sc_fly_static\" data-id=\"0c40606\" data-element_type=\"column\" data-e-type=\"column\">\n\t\t\t<div class=\"elementor-widget-wrap elementor-element-populated\">\n\t\t\t\t\t\t<div class=\"elementor-element elementor-element-d8d3357 sc_layouts_hide_on_mobile sc_fly_static elementor-widget elementor-widget-spacer\" data-id=\"d8d3357\" data-element_type=\"widget\" data-e-type=\"widget\" data-widget_type=\"spacer.default\">\n\t\t\t\t<div class=\"elementor-widget-container\">\n\t\t\t\t\t\t\t<div class=\"elementor-spacer\">\n\t\t\t<div class=\"elementor-spacer-inner\"><\/div>\n\t\t<\/div>\n\t\t\t\t\t\t<\/div>\n\t\t\t\t<\/div>\n\t\t\t\t\t<\/div>\n\t\t<\/div>\n\t\t\t\t\t<\/div>\n\t\t<\/section>\n\t\t\t\t<section class=\"elementor-section elementor-top-section elementor-element elementor-element-a3ad65d elementor-section-content-middle scheme_dark elementor-section-boxed elementor-section-height-default elementor-section-height-default sc_fly_static\" data-id=\"a3ad65d\" data-element_type=\"section\" data-e-type=\"section\" data-settings=\"{&quot;background_background&quot;:&quot;classic&quot;}\">\n\t\t\t\t\t\t\t<div class=\"elementor-background-overlay\"><\/div>\n\t\t\t\t\t\t\t<div class=\"elementor-container elementor-column-gap-extended\">\n\t\t\t\t\t<div class=\"elementor-column elementor-col-100 elementor-top-column elementor-element elementor-element-8f909f2 sc_content_align_inherit sc_layouts_column_icons_position_left sc_fly_static\" data-id=\"8f909f2\" data-element_type=\"column\" data-e-type=\"column\">\n\t\t\t<div class=\"elementor-widget-wrap elementor-element-populated\">\n\t\t\t\t\t\t<div class=\"elementor-element elementor-element-fc39f35 sc_fly_static elementor-widget elementor-widget-trx_sc_title\" data-id=\"fc39f35\" data-element_type=\"widget\" data-e-type=\"widget\" data-widget_type=\"trx_sc_title.default\">\n\t\t\t\t<div class=\"elementor-widget-container\">\n\t\t\t\t\t<div\t\tclass=\"sc_title sc_title_default\" ><h2 class=\"sc_item_title sc_title_title sc_align_center sc_item_title_style_default\"\n\t\t\t><span class=\"sc_item_title_text\">Nous proposons des services de restauration pour vos <u>\u00e9v\u00e9nements.<\/u><\/span><\/h2><\/div>\t\t\t\t<\/div>\n\t\t\t\t<\/div>\n\t\t\t\t<div class=\"elementor-element elementor-element-293d6cd sc_fly_static elementor-widget elementor-widget-trx_sc_button\" data-id=\"293d6cd\" data-element_type=\"widget\" data-e-type=\"widget\" data-widget_type=\"trx_sc_button.default\">\n\t\t\t\t<div class=\"elementor-widget-container\">\n\t\t\t\t\t<div\tclass=\"sc_item_button sc_button_wrap sc_align_center\" ><a href=\"https:\/\/cateringdadomenico.com\/fr\/services\/\" class=\"sc_button sc_button_default sc_button_size_normal sc_button_icon_left\" ><span class=\"sc_button_text\"><span class=\"sc_button_title\">Nos prestations<\/span><\/span><\/a><\/div>\t\t\t\t<\/div>\n\t\t\t\t<\/div>\n\t\t\t\t\t<\/div>\n\t\t<\/div>\n\t\t\t\t\t<\/div>\n\t\t<\/section>\n\t\t\t\t<\/div>\n\t\t","protected":false},"excerpt":{"rendered":"<p>T\u00e9l\u00e9phone +49 1573 8830313+39 339 1406 311 courriel info@cateringdadomenico.com Allemagne Franz-Rennefeld-Weg 13, 40472 D\u00fcsseldorf Italie Contrada San Fili 6, 89020Melicucco (RC) Italia Contactez-nous Envoyez-nous un message S\u00e9lectionner les services\u00c9v\u00e9nement d\u2019EntrepriseBusiness&hellip;<\/p>\n","protected":false},"author":1,"featured_media":0,"parent":0,"menu_order":0,"comment_status":"closed","ping_status":"closed","template":"","meta":{"footnotes":""},"class_list":["post-19123","page","type-page","status-publish","hentry"],"yoast_head":"<!-- This site is optimized with the Yoast SEO plugin v27.3 - https:\/\/yoast.com\/product\/yoast-seo-wordpress\/ -->\n<title>Contactez-nous - Catering da Domenico<\/title>\n<meta name=\"robots\" content=\"index, follow, max-snippet:-1, max-image-preview:large, max-video-preview:-1\" \/>\n<link rel=\"canonical\" href=\"https:\/\/cateringdadomenico.com\/kontakt\/\" \/>\n<meta property=\"og:locale\" content=\"fr_FR\" \/>\n<meta property=\"og:type\" content=\"article\" \/>\n<meta property=\"og:title\" content=\"Contactez-nous - Catering da Domenico\" \/>\n<meta property=\"og:description\" content=\"T\u00e9l\u00e9phone +49 1573 8830313+39 339 1406 311 courriel info@cateringdadomenico.com Allemagne Franz-Rennefeld-Weg 13, 40472 D\u00fcsseldorf Italie Contrada San Fili 6, 89020Melicucco (RC) Italia Contactez-nous Envoyez-nous un message S\u00e9lectionner les services\u00c9v\u00e9nement d\u2019EntrepriseBusiness&hellip;\" \/>\n<meta property=\"og:url\" content=\"https:\/\/cateringdadomenico.com\/kontakt\/\" \/>\n<meta property=\"og:site_name\" content=\"Catering da Domenico\" \/>\n<meta property=\"article:modified_time\" content=\"2026-02-14T11:41:24+00:00\" \/>\n<meta name=\"twitter:card\" content=\"summary_large_image\" \/>\n<meta name=\"twitter:label1\" content=\"Dur\u00e9e de lecture estim\u00e9e\" \/>\n\t<meta name=\"twitter:data1\" content=\"1 minute\" \/>\n<script type=\"application\/ld+json\" class=\"yoast-schema-graph\">{\"@context\":\"https:\\\/\\\/schema.org\",\"@graph\":[{\"@type\":\"WebPage\",\"@id\":\"https:\\\/\\\/cateringdadomenico.com\\\/kontakt\\\/\",\"url\":\"https:\\\/\\\/cateringdadomenico.com\\\/kontakt\\\/\",\"name\":\"Contactez-nous - Catering da Domenico\",\"isPartOf\":{\"@id\":\"https:\\\/\\\/cateringdadomenico.com\\\/#website\"},\"datePublished\":\"2020-12-30T10:12:41+00:00\",\"dateModified\":\"2026-02-14T11:41:24+00:00\",\"breadcrumb\":{\"@id\":\"https:\\\/\\\/cateringdadomenico.com\\\/kontakt\\\/#breadcrumb\"},\"inLanguage\":\"fr-FR\",\"potentialAction\":[{\"@type\":\"ReadAction\",\"target\":[\"https:\\\/\\\/cateringdadomenico.com\\\/kontakt\\\/\"]}]},{\"@type\":\"BreadcrumbList\",\"@id\":\"https:\\\/\\\/cateringdadomenico.com\\\/kontakt\\\/#breadcrumb\",\"itemListElement\":[{\"@type\":\"ListItem\",\"position\":1,\"name\":\"Home\",\"item\":\"https:\\\/\\\/cateringdadomenico.com\\\/fr\\\/\"},{\"@type\":\"ListItem\",\"position\":2,\"name\":\"Contactez-nous\"}]},{\"@type\":\"WebSite\",\"@id\":\"https:\\\/\\\/cateringdadomenico.com\\\/#website\",\"url\":\"https:\\\/\\\/cateringdadomenico.com\\\/\",\"name\":\"Catering da Domenico\",\"description\":\"Firmenevent, Business Event, PartyService und MesseCatering in ganz Europa\",\"publisher\":{\"@id\":\"https:\\\/\\\/cateringdadomenico.com\\\/#organization\"},\"potentialAction\":[{\"@type\":\"SearchAction\",\"target\":{\"@type\":\"EntryPoint\",\"urlTemplate\":\"https:\\\/\\\/cateringdadomenico.com\\\/?s={search_term_string}\"},\"query-input\":{\"@type\":\"PropertyValueSpecification\",\"valueRequired\":true,\"valueName\":\"search_term_string\"}}],\"inLanguage\":\"fr-FR\"},{\"@type\":\"Organization\",\"@id\":\"https:\\\/\\\/cateringdadomenico.com\\\/#organization\",\"name\":\"Catering da Domenico\",\"url\":\"https:\\\/\\\/cateringdadomenico.com\\\/\",\"logo\":{\"@type\":\"ImageObject\",\"inLanguage\":\"fr-FR\",\"@id\":\"https:\\\/\\\/cateringdadomenico.com\\\/#\\\/schema\\\/logo\\\/image\\\/\",\"url\":\"https:\\\/\\\/cateringdadomenico.com\\\/wp-content\\\/uploads\\\/2025\\\/10\\\/logo-web.png\",\"contentUrl\":\"https:\\\/\\\/cateringdadomenico.com\\\/wp-content\\\/uploads\\\/2025\\\/10\\\/logo-web.png\",\"width\":500,\"height\":391,\"caption\":\"Catering da Domenico\"},\"image\":{\"@id\":\"https:\\\/\\\/cateringdadomenico.com\\\/#\\\/schema\\\/logo\\\/image\\\/\"}}]}<\/script>\n<!-- \/ Yoast SEO plugin. -->","yoast_head_json":{"title":"Contactez-nous - Catering da Domenico","robots":{"index":"index","follow":"follow","max-snippet":"max-snippet:-1","max-image-preview":"max-image-preview:large","max-video-preview":"max-video-preview:-1"},"canonical":"https:\/\/cateringdadomenico.com\/kontakt\/","og_locale":"fr_FR","og_type":"article","og_title":"Contactez-nous - Catering da Domenico","og_description":"T\u00e9l\u00e9phone +49 1573 8830313+39 339 1406 311 courriel info@cateringdadomenico.com Allemagne Franz-Rennefeld-Weg 13, 40472 D\u00fcsseldorf Italie Contrada San Fili 6, 89020Melicucco (RC) Italia Contactez-nous Envoyez-nous un message S\u00e9lectionner les services\u00c9v\u00e9nement d\u2019EntrepriseBusiness&hellip;","og_url":"https:\/\/cateringdadomenico.com\/kontakt\/","og_site_name":"Catering da Domenico","article_modified_time":"2026-02-14T11:41:24+00:00","twitter_card":"summary_large_image","twitter_misc":{"Dur\u00e9e de lecture estim\u00e9e":"1 minute"},"schema":{"@context":"https:\/\/schema.org","@graph":[{"@type":"WebPage","@id":"https:\/\/cateringdadomenico.com\/kontakt\/","url":"https:\/\/cateringdadomenico.com\/kontakt\/","name":"Contactez-nous - Catering da Domenico","isPartOf":{"@id":"https:\/\/cateringdadomenico.com\/#website"},"datePublished":"2020-12-30T10:12:41+00:00","dateModified":"2026-02-14T11:41:24+00:00","breadcrumb":{"@id":"https:\/\/cateringdadomenico.com\/kontakt\/#breadcrumb"},"inLanguage":"fr-FR","potentialAction":[{"@type":"ReadAction","target":["https:\/\/cateringdadomenico.com\/kontakt\/"]}]},{"@type":"BreadcrumbList","@id":"https:\/\/cateringdadomenico.com\/kontakt\/#breadcrumb","itemListElement":[{"@type":"ListItem","position":1,"name":"Home","item":"https:\/\/cateringdadomenico.com\/fr\/"},{"@type":"ListItem","position":2,"name":"Contactez-nous"}]},{"@type":"WebSite","@id":"https:\/\/cateringdadomenico.com\/#website","url":"https:\/\/cateringdadomenico.com\/","name":"Catering da Domenico","description":"Firmenevent, Business Event, PartyService und MesseCatering in ganz Europa","publisher":{"@id":"https:\/\/cateringdadomenico.com\/#organization"},"potentialAction":[{"@type":"SearchAction","target":{"@type":"EntryPoint","urlTemplate":"https:\/\/cateringdadomenico.com\/?s={search_term_string}"},"query-input":{"@type":"PropertyValueSpecification","valueRequired":true,"valueName":"search_term_string"}}],"inLanguage":"fr-FR"},{"@type":"Organization","@id":"https:\/\/cateringdadomenico.com\/#organization","name":"Catering da Domenico","url":"https:\/\/cateringdadomenico.com\/","logo":{"@type":"ImageObject","inLanguage":"fr-FR","@id":"https:\/\/cateringdadomenico.com\/#\/schema\/logo\/image\/","url":"https:\/\/cateringdadomenico.com\/wp-content\/uploads\/2025\/10\/logo-web.png","contentUrl":"https:\/\/cateringdadomenico.com\/wp-content\/uploads\/2025\/10\/logo-web.png","width":500,"height":391,"caption":"Catering da Domenico"},"image":{"@id":"https:\/\/cateringdadomenico.com\/#\/schema\/logo\/image\/"}}]}},"_links":{"self":[{"href":"https:\/\/cateringdadomenico.com\/fr\/wp-json\/wp\/v2\/pages\/19123","targetHints":{"allow":["GET"]}}],"collection":[{"href":"https:\/\/cateringdadomenico.com\/fr\/wp-json\/wp\/v2\/pages"}],"about":[{"href":"https:\/\/cateringdadomenico.com\/fr\/wp-json\/wp\/v2\/types\/page"}],"author":[{"embeddable":true,"href":"https:\/\/cateringdadomenico.com\/fr\/wp-json\/wp\/v2\/users\/1"}],"replies":[{"embeddable":true,"href":"https:\/\/cateringdadomenico.com\/fr\/wp-json\/wp\/v2\/comments?post=19123"}],"version-history":[{"count":24,"href":"https:\/\/cateringdadomenico.com\/fr\/wp-json\/wp\/v2\/pages\/19123\/revisions"}],"predecessor-version":[{"id":19634,"href":"https:\/\/cateringdadomenico.com\/fr\/wp-json\/wp\/v2\/pages\/19123\/revisions\/19634"}],"wp:attachment":[{"href":"https:\/\/cateringdadomenico.com\/fr\/wp-json\/wp\/v2\/media?parent=19123"}],"curies":[{"name":"wp","href":"https:\/\/api.w.org\/{rel}","templated":true}]}}